{"id":37,"date":"2023-06-23T05:41:56","date_gmt":"2023-06-23T03:41:56","guid":{"rendered":"http:\/\/www.mcrc.re\/?page_id=37"},"modified":"2026-02-10T14:07:59","modified_gmt":"2026-02-10T10:07:59","slug":"accueil","status":"publish","type":"page","link":"https:\/\/www.mcrc.re\/","title":{"rendered":"Accueil"},"content":{"rendered":"\n\t<section class=\"section\" id=\"section_1163516668\">\n\t\t<div class=\"bg section-bg fill bg-fill  \" >\n\n\t\t\t\n\t\t\t\n\t\t\t\n\n\t\t<\/div>\n\n\t\t\n\n\t\t<div class=\"section-content relative\">\n\t\t\t\n\n<div class=\"row\" style=\"max-width:1300px\" id=\"row-1029637238\">\n\n\n\t<div id=\"col-633080724\" class=\"col medium-11 small-12 large-7\"  >\n\t\t\t\t<div class=\"col-inner\"  >\n\t\t\t\n\t\t\t\n\n\t<div id=\"text-965354790\" class=\"text\">\n\t\t\n\n<h2 class=\"uppercase\">maitre d&rsquo;oeuvre <\/h2>\n\t\t\n<style>\n#text-965354790 {\n  font-size: 1.25rem;\n  color: rgb(255,255,255);\n}\n#text-965354790 > * {\n  color: rgb(255,255,255);\n}\n@media (min-width:550px) {\n  #text-965354790 {\n    font-size: 2.25rem;\n  }\n}\n<\/style>\n\t<\/div>\n\t\n\n\t\t<\/div>\n\t\t\t\t\n<style>\n#col-633080724 > .col-inner {\n  padding: 30px 30px 10px 40px;\n}\n<\/style>\n\t<\/div>\n\n\t\n\n\n<style>\n#row-1029637238 > .col > .col-inner {\n  background-color: #9e0d0b;\n}\n<\/style>\n<\/div>\n<div class=\"row\" style=\"max-width:1300px\" id=\"row-1837999985\">\n\n\n\t<div id=\"col-919504686\" class=\"col medium-11 small-12 large-7\"  >\n\t\t\t\t<div class=\"col-inner\" style=\"background-color:#9e0d0b;\" >\n\t\t\t\n\t\t\t\n\n\t<div id=\"text-1992970349\" class=\"text\">\n\t\t\n\n<h3><b>Ma\u00eetriser votre projet et votre budget est notre m\u00e9tier<\/b><\/h3>\n\t\t\n<style>\n#text-1992970349 {\n  font-size: 1.25rem;\n  color: rgb(255,255,255);\n}\n#text-1992970349 > * {\n  color: rgb(255,255,255);\n}\n@media (min-width:550px) {\n  #text-1992970349 {\n    font-size: 2.25rem;\n  }\n}\n<\/style>\n\t<\/div>\n\t\n\n\t\t<\/div>\n\t\t\t\t\n<style>\n#col-919504686 > .col-inner {\n  padding: 30px 30px 10px 40px;\n}\n<\/style>\n\t<\/div>\n\n\t\n\n\n<style>\n#row-1837999985 > .col > .col-inner {\n  background-color: rgb(255, 234, 139);\n}\n<\/style>\n<\/div>\n\n\t\t<\/div>\n\n\t\t\n<style>\n#section_1163516668 {\n  padding-top: 30px;\n  padding-bottom: 30px;\n  min-height: 400px;\n}\n#section_1163516668 .section-bg.bg-loaded {\n  background-image: url(https:\/\/www.mcrc.re\/wp-content\/uploads\/2023\/06\/image-engineering-objects-workplace-top-view-construction-concept-engineering-tools-vintage-tone-retro-filter-effect-soft-focus-selective-focus-scaled.jpg);\n}\n#section_1163516668 .section-bg {\n  background-position: 100% 11%;\n}\n@media (min-width:550px) {\n  #section_1163516668 {\n    min-height: 600px;\n  }\n}\n@media (min-width:850px) {\n  #section_1163516668 {\n    min-height: 800px;\n  }\n}\n<\/style>\n\t<\/section>\n\t\n\t<section class=\"section\" id=\"section_919124996\">\n\t\t<div class=\"bg section-bg fill bg-fill  bg-loaded\" >\n\n\t\t\t\n\t\t\t\n\t\t\t\n\n\t\t<\/div>\n\n\t\t\n\n\t\t<div class=\"section-content relative\">\n\t\t\t\n\n\t<div id=\"gap-1351369334\" class=\"gap-element clearfix\" style=\"display:block; height:auto;\">\n\t\t\n<style>\n#gap-1351369334 {\n  padding-top: 30px;\n}\n<\/style>\n\t<\/div>\n\t\n\n<div class=\"row\" style=\"max-width:1300px\" id=\"row-1324531333\">\n\n\n\t<div id=\"col-2137335649\" class=\"col small-12 large-12\"  >\n\t\t\t\t<div class=\"col-inner\"  >\n\t\t\t\n\t\t\t\n\n<div class=\"row align-equal\" style=\"max-width:1300px\" id=\"row-61855210\">\n\n\n\t<div id=\"col-399521808\" class=\"col medium-4 small-12 large-4\"  >\n\t\t\t\t<div class=\"col-inner box-shadow-2\" style=\"background-color:rgb(255, 255, 255);\" >\n\t\t\t\n\t<div class=\"is-border\"\n\t\tstyle=\"border-color:rgb(158, 13, 11);border-width:10px 0px 0px 0px;\">\n\t<\/div>\n\t\t\t\n\n\t<div class=\"img has-hover x md-x lg-x y md-y lg-y\" id=\"image_1301972008\">\n\t\t\t\t\t\t\t\t<div class=\"img-inner dark\" >\n\t\t\t<img loading=\"lazy\" decoding=\"async\" width=\"120\" height=\"120\" src=\"https:\/\/i0.wp.com\/www.mcrc.re\/wp-content\/uploads\/2023\/06\/pencil-ruler-2-line.png?fit=120%2C120&amp;ssl=1\" class=\"attachment-large size-large\" alt=\"\" srcset=\"https:\/\/i0.wp.com\/www.mcrc.re\/wp-content\/uploads\/2023\/06\/pencil-ruler-2-line.png?w=120&amp;ssl=1 120w, https:\/\/i0.wp.com\/www.mcrc.re\/wp-content\/uploads\/2023\/06\/pencil-ruler-2-line.png?resize=100%2C100&amp;ssl=1 100w\" sizes=\"auto, (max-width: 120px) 100vw, 120px\" \/>\t\t\t\t\t\t\n\t\t\t\t\t<\/div>\n\t\t\t\t\t\t\t\t\n<style>\n#image_1301972008 {\n  width: 20%;\n}\n@media (min-width:550px) {\n  #image_1301972008 {\n    width: 35%;\n  }\n}\n@media (min-width:850px) {\n  #image_1301972008 {\n    width: 20%;\n  }\n}\n<\/style>\n\t<\/div>\n\t\n\n<h2><b>Mise en <\/b><b>place de la d\u00e9finition du projet <\/b><\/h2>\n<p>Besoin, \u00e9tudes, faisabilit\u00e9, \u00e9valuation des risques&#8230;<\/p>\n\n\t\t<\/div>\n\t\t\t\t\n<style>\n#col-399521808 > .col-inner {\n  padding: 30px 30px 30px 30px;\n}\n<\/style>\n\t<\/div>\n\n\t\n\n\t<div id=\"col-1103649235\" class=\"col medium-4 small-12 large-4\"  >\n\t\t\t\t<div class=\"col-inner box-shadow-2\" style=\"background-color:rgb(255, 255, 255);\" >\n\t\t\t\n\t<div class=\"is-border\"\n\t\tstyle=\"border-color:rgb(158, 13, 11);border-width:10px 0px 0px 0px;\">\n\t<\/div>\n\t\t\t\n\n\t<div class=\"img has-hover x md-x lg-x y md-y lg-y\" id=\"image_741335325\">\n\t\t\t\t\t\t\t\t<div class=\"img-inner dark\" >\n\t\t\t<img loading=\"lazy\" decoding=\"async\" width=\"120\" height=\"120\" src=\"https:\/\/i0.wp.com\/www.mcrc.re\/wp-content\/uploads\/2023\/06\/node-tree.png?fit=120%2C120&amp;ssl=1\" class=\"attachment-large size-large\" alt=\"\" srcset=\"https:\/\/i0.wp.com\/www.mcrc.re\/wp-content\/uploads\/2023\/06\/node-tree.png?w=120&amp;ssl=1 120w, https:\/\/i0.wp.com\/www.mcrc.re\/wp-content\/uploads\/2023\/06\/node-tree.png?resize=100%2C100&amp;ssl=1 100w\" sizes=\"auto, (max-width: 120px) 100vw, 120px\" \/>\t\t\t\t\t\t\n\t\t\t\t\t<\/div>\n\t\t\t\t\t\t\t\t\n<style>\n#image_741335325 {\n  width: 20%;\n}\n@media (min-width:550px) {\n  #image_741335325 {\n    width: 35%;\n  }\n}\n@media (min-width:850px) {\n  #image_741335325 {\n    width: 20%;\n  }\n}\n<\/style>\n\t<\/div>\n\t\n\n<h2><b>Gestion et conduite projet <\/b><\/h2>\n<p>Animer l\u2019ensemble de l\u2019\u00e9quipe et coordonner travaux en cours et existants sur chantier et respect du planning.<\/p>\n\n\t\t<\/div>\n\t\t\t\t\n<style>\n#col-1103649235 > .col-inner {\n  padding: 30px 30px 30px 30px;\n}\n<\/style>\n\t<\/div>\n\n\t\n\n\t<div id=\"col-1719324475\" class=\"col medium-4 small-12 large-4\"  >\n\t\t\t\t<div class=\"col-inner box-shadow-2\" style=\"background-color:rgb(255, 255, 255);\" >\n\t\t\t\n\t<div class=\"is-border\"\n\t\tstyle=\"border-color:rgb(158, 13, 11);border-width:10px 0px 0px 0px;\">\n\t<\/div>\n\t\t\t\n\n\t<div class=\"img has-hover x md-x lg-x y md-y lg-y\" id=\"image_1263096997\">\n\t\t\t\t\t\t\t\t<div class=\"img-inner dark\" >\n\t\t\t<img loading=\"lazy\" decoding=\"async\" width=\"120\" height=\"120\" src=\"https:\/\/i0.wp.com\/www.mcrc.re\/wp-content\/uploads\/2023\/06\/community-line.png?fit=120%2C120&amp;ssl=1\" class=\"attachment-large size-large\" alt=\"\" srcset=\"https:\/\/i0.wp.com\/www.mcrc.re\/wp-content\/uploads\/2023\/06\/community-line.png?w=120&amp;ssl=1 120w, https:\/\/i0.wp.com\/www.mcrc.re\/wp-content\/uploads\/2023\/06\/community-line.png?resize=100%2C100&amp;ssl=1 100w\" sizes=\"auto, (max-width: 120px) 100vw, 120px\" \/>\t\t\t\t\t\t\n\t\t\t\t\t<\/div>\n\t\t\t\t\t\t\t\t\n<style>\n#image_1263096997 {\n  width: 20%;\n}\n@media (min-width:550px) {\n  #image_1263096997 {\n    width: 35%;\n  }\n}\n@media (min-width:850px) {\n  #image_1263096997 {\n    width: 20%;\n  }\n}\n<\/style>\n\t<\/div>\n\t\n\n<h2><b>Pilotage projet <\/b><\/h2>\n<p>Suivi des d\u00e9penses, respect des plans et d\u00e9tails divers, mise en place S.A.V, suivi qualit\u00e9.<\/p>\n\n\t\t<\/div>\n\t\t\t\t\n<style>\n#col-1719324475 > .col-inner {\n  padding: 30px 30px 30px 30px;\n}\n<\/style>\n\t<\/div>\n\n\t\n\n<\/div>\n\n\t\t<\/div>\n\t\t\t\t\n<style>\n#col-2137335649 > .col-inner {\n  margin: -130px 0px 0px 0px;\n}\n<\/style>\n\t<\/div>\n\n\t\n\n<\/div>\n\n\t\t<\/div>\n\n\t\t\n<style>\n#section_919124996 {\n  padding-top: 30px;\n  padding-bottom: 30px;\n}\n<\/style>\n\t<\/section>\n\t\n\t<section class=\"section dark\" id=\"section_1506310460\">\n\t\t<div class=\"bg section-bg fill bg-fill  bg-loaded\" >\n\n\t\t\t\n\t\t\t\n\t\t\t\n\t<div class=\"is-border\"\n\t\tstyle=\"border-color:rgb(158, 13, 11);border-width:8px 0px 0px 0px;\">\n\t<\/div>\n\n\t\t<\/div>\n\n\t\t\n\n\t\t<div class=\"section-content relative\">\n\t\t\t\n\n\t<div id=\"gap-823369739\" class=\"gap-element clearfix\" style=\"display:block; height:auto;\">\n\t\t\n<style>\n#gap-823369739 {\n  padding-top: 30px;\n}\n<\/style>\n\t<\/div>\n\t\n\n<div class=\"row align-middle align-center\" style=\"max-width:1300px\" id=\"row-69142075\">\n\n\n\t<div id=\"col-1386479961\" class=\"col medium-12 small-12 large-8\"  >\n\t\t\t\t<div class=\"col-inner\"  >\n\t\t\t\n\t\t\t\n\n\n  <div class=\"banner has-hover\" id=\"banner-338079819\">\n          <div class=\"banner-inner fill\">\n        <div class=\"banner-bg fill\" >\n            <div class=\"bg fill bg-fill \"><\/div>\n                                    \n                    <\/div>\n\t\t\n        <div class=\"banner-layers container\">\n            <div class=\"fill banner-link\"><\/div>            \n\n   <div id=\"text-box-1436927125\" class=\"text-box banner-layer x50 md-x50 lg-x50 y50 md-y50 lg-y50 res-text\">\n                                <div class=\"text-box-content text dark\">\n              \n              <div class=\"text-inner text-center\">\n                  \n\n\n              <\/div>\n           <\/div>\n                            \n<style>\n#text-box-1436927125 {\n  width: 60%;\n}\n#text-box-1436927125 .text-box-content {\n  font-size: 100%;\n}\n@media (min-width:550px) {\n  #text-box-1436927125 {\n    width: 60%;\n  }\n}\n<\/style>\n    <\/div>\n \n\n        <\/div>\n      <\/div>\n\n            \n<style>\n#banner-338079819 {\n  padding-top: 300px;\n  background-color: rgb(39, 54, 71);\n}\n#banner-338079819 .bg.bg-loaded {\n  background-image: url(https:\/\/i0.wp.com\/www.mcrc.re\/wp-content\/uploads\/2023\/06\/construction-silhouette-scaled.jpg?fit=1020%2C681&ssl=1);\n}\n@media (min-width:550px) {\n  #banner-338079819 {\n    padding-top: 500px;\n  }\n}\n<\/style>\n  <\/div>\n\n\n\n\t\t<\/div>\n\t\t\t\t\t<\/div>\n\n\t\n\n\t<div id=\"col-98124269\" class=\"col medium-11 small-12 large-4\"  >\n\t\t\t\t<div class=\"col-inner\"  >\n\t\t\t\n\t\t\t\n\n\t<div id=\"text-2727773186\" class=\"text\">\n\t\t\n\n<h6>A propos<\/h6>\n\t\t\n<style>\n#text-2727773186 {\n  text-align: left;\n}\n<\/style>\n\t<\/div>\n\t\n\t<div id=\"text-261107844\" class=\"text\">\n\t\t\n\n<h2>MCRC<\/h2>\n\t\t\n<style>\n#text-261107844 {\n  font-size: 1.75rem;\n  text-align: left;\n}\n<\/style>\n\t<\/div>\n\t\n<div class=\"is-divider divider clearfix\" style=\"margin-top:0px;margin-bottom:0px;max-width:800px;height:1px;background-color:rgb(158, 13, 11);\"><\/div>\n\n\t<div id=\"gap-2025340375\" class=\"gap-element clearfix\" style=\"display:block; height:auto;\">\n\t\t\n<style>\n#gap-2025340375 {\n  padding-top: 30px;\n}\n<\/style>\n\t<\/div>\n\t\n\n\t<div id=\"text-1091222548\" class=\"text\">\n\t\t\n\n<p>Je suis Marius Kichenin, un expert du G\u00e9nie Civil. Fort d&rsquo;un dipl\u00f4me en B\u00e2timent et d&rsquo;un parcours atypique, j&rsquo;ai gravi tous les \u00e9chelons, passant de l&rsquo;ouvrier au ma\u00eetre d&rsquo;\u0153uvre. Avec 20 ans d&rsquo;exp\u00e9rience, je suis passionn\u00e9 par l&rsquo;excellence et d\u00e9termin\u00e9 \u00e0 fournir des r\u00e9sultats exceptionnels. Confiez-moi vos projets de construction et b\u00e9n\u00e9ficiez d&rsquo;un service professionnel de haut niveau.<\/p>\n\t\t\n<style>\n#text-1091222548 {\n  text-align: left;\n}\n<\/style>\n\t<\/div>\n\t\n\t<div id=\"gap-1547777809\" class=\"gap-element clearfix\" style=\"display:block; height:auto;\">\n\t\t\n<style>\n#gap-1547777809 {\n  padding-top: 15px;\n}\n<\/style>\n\t<\/div>\n\t\n\n<a href=\"mailto:mcrc.runpro@orange.fr\" target=\"_self\" class=\"button secondary\"  >\n    <span>Me contacter<\/span>\n  <\/a>\n\n\n\t<div id=\"text-1719898009\" class=\"text\">\n\t\t\n\n<h2>0692 99 97 96<br \/><br \/><\/h2>\n\t\t\n<style>\n#text-1719898009 {\n  line-height: 0.75;\n  color: #de9151;\n}\n#text-1719898009 > * {\n  color: #de9151;\n}\n<\/style>\n\t<\/div>\n\t\n\n\t\t<\/div>\n\t\t\t\t\n<style>\n#col-98124269 > .col-inner {\n  padding: 0px 0px 0px 0;\n}\n@media (min-width:550px) {\n  #col-98124269 > .col-inner {\n    padding: 0px 0px 0px 35px;\n  }\n}\n<\/style>\n\t<\/div>\n\n\t\n\n<\/div>\n\n\t\t<\/div>\n\n\t\t\n<style>\n#section_1506310460 {\n  padding-top: 70px;\n  padding-bottom: 70px;\n  background-color: rgb(0,0,0);\n}\n@media (min-width:850px) {\n  #section_1506310460 {\n    padding-top: 120px;\n    padding-bottom: 120px;\n  }\n}\n<\/style>\n\t<\/section>\n\t\n\t<section class=\"section dark\" id=\"section_1740420651\">\n\t\t<div class=\"bg section-bg fill bg-fill  bg-loaded\" >\n\n\t\t\t\n\t\t\t\n\t\t\t\n\n\t\t<\/div>\n\n\t\t\n\n\t\t<div class=\"section-content relative\">\n\t\t\t\n\n\t<div id=\"gap-1088892726\" class=\"gap-element clearfix\" style=\"display:block; height:auto;\">\n\t\t\n<style>\n#gap-1088892726 {\n  padding-top: 50px;\n}\n<\/style>\n\t<\/div>\n\t\n\n<div class=\"row align-middle align-center\" style=\"max-width:1300px\" id=\"row-874968571\">\n\n\n\t<div id=\"col-119461106\" class=\"col medium-3 small-12 large-2\"  >\n\t\t\t\t<div class=\"col-inner\"  >\n\t\t\t\n\t\t\t\n\n\t<div id=\"text-2710324757\" class=\"text\">\n\t\t\n\n<h2><span class=\"count-up\">+35<\/span><\/h2>\n\t\t\n<style>\n#text-2710324757 {\n  font-size: 3.75rem;\n  text-align: left;\n}\n@media (min-width:550px) {\n  #text-2710324757 {\n    font-size: 2.5rem;\n    text-align: right;\n  }\n}\n@media (min-width:850px) {\n  #text-2710324757 {\n    font-size: 3rem;\n  }\n}\n<\/style>\n\t<\/div>\n\t\n\n\t\t<\/div>\n\t\t\t\t\t<\/div>\n\n\t\n\n\t<div id=\"col-1537695920\" class=\"col medium-7 small-12 large-2\"  >\n\t\t\t\t<div class=\"col-inner\"  >\n\t\t\t\n\t\t\t\n\n<h6>Projets r\u00e9alis\u00e9s et en cour<\/h6>\n\n\t\t<\/div>\n\t\t\t\t\n<style>\n#col-1537695920 > .col-inner {\n  margin: -65px 0px 0px 0px;\n}\n@media (min-width:550px) {\n  #col-1537695920 > .col-inner {\n    margin: 0px 0px 0px -0;\n  }\n}\n@media (min-width:850px) {\n  #col-1537695920 > .col-inner {\n    margin: 0px 0px 0px -15px;\n  }\n}\n<\/style>\n\t<\/div>\n\n\t\n\n\t<div id=\"col-352907036\" class=\"col medium-3 small-12 large-2\"  >\n\t\t\t\t<div class=\"col-inner text-right\"  >\n\t\t\t\n\t\t\t\n\n\t<div id=\"text-1044301845\" class=\"text\">\n\t\t\n\n<h2><span class=\"count-up\">+27<\/span><\/h2>\n\t\t\n<style>\n#text-1044301845 {\n  font-size: 3.75rem;\n  text-align: left;\n}\n@media (min-width:550px) {\n  #text-1044301845 {\n    font-size: 2.5rem;\n    text-align: right;\n  }\n}\n@media (min-width:850px) {\n  #text-1044301845 {\n    font-size: 3rem;\n  }\n}\n<\/style>\n\t<\/div>\n\t\n\n\t\t<\/div>\n\t\t\t\t\t<\/div>\n\n\t\n\n\t<div id=\"col-1569935512\" class=\"col medium-7 small-12 large-2\"  >\n\t\t\t\t<div class=\"col-inner text-left\"  >\n\t\t\t\n\t\t\t\n\n<h6>Clients accompagn\u00e9s<\/h6>\n\n\t\t<\/div>\n\t\t\t\t\n<style>\n#col-1569935512 > .col-inner {\n  margin: -65px 0px 0px 0px;\n}\n@media (min-width:550px) {\n  #col-1569935512 > .col-inner {\n    margin: 0px 0px 0px -0;\n  }\n}\n@media (min-width:850px) {\n  #col-1569935512 > .col-inner {\n    margin: 0px 0px 0px -15px;\n  }\n}\n<\/style>\n\t<\/div>\n\n\t\n\n\t<div id=\"col-1795986371\" class=\"col medium-3 small-12 large-2\"  >\n\t\t\t\t<div class=\"col-inner\"  >\n\t\t\t\n\t\t\t\n\n\t<div id=\"text-1983763977\" class=\"text\">\n\t\t\n\n<h2><span class=\"count-up\">+250<\/span><\/h2>\n\t\t\n<style>\n#text-1983763977 {\n  font-size: 3.75rem;\n  text-align: left;\n}\n@media (min-width:550px) {\n  #text-1983763977 {\n    font-size: 2.5rem;\n    text-align: right;\n  }\n}\n@media (min-width:850px) {\n  #text-1983763977 {\n    font-size: 3rem;\n  }\n}\n<\/style>\n\t<\/div>\n\t\n\n\t\t<\/div>\n\t\t\t\t\t<\/div>\n\n\t\n\n\t<div id=\"col-677661539\" class=\"col medium-7 small-12 large-2\"  >\n\t\t\t\t<div class=\"col-inner\"  >\n\t\t\t\n\t\t\t\n\n<h6>Equipes encadr\u00e9es<\/h6>\n\n\t\t<\/div>\n\t\t\t\t\n<style>\n#col-677661539 > .col-inner {\n  margin: -65px 0px 0px 0px;\n}\n@media (min-width:550px) {\n  #col-677661539 > .col-inner {\n    margin: 0px 0px 0px 0;\n  }\n}\n@media (min-width:850px) {\n  #col-677661539 > .col-inner {\n    margin: 0px 0px 0px -15px;\n  }\n}\n<\/style>\n\t<\/div>\n\n\t\n\n<\/div>\n\n\t\t<\/div>\n\n\t\t\n<style>\n#section_1740420651 {\n  padding-top: 20px;\n  padding-bottom: 20px;\n  background-color: #9e0d0b;\n}\n<\/style>\n\t<\/section>\n\t\n\t<section class=\"section\" id=\"section_1269259726\">\n\t\t<div class=\"bg section-bg fill bg-fill  bg-loaded\" >\n\n\t\t\t\n\t\t\t\n\t\t\t\n\n\t\t<\/div>\n\n\t\t\n\n\t\t<div class=\"section-content relative\">\n\t\t\t\n\n<div class=\"row align-center\" style=\"max-width:1300px\" id=\"row-1377511430\">\n\n\n\t<div id=\"col-1464102102\" class=\"col medium-11 small-12 large-9\"  >\n\t\t\t\t<div class=\"col-inner\"  >\n\t\t\t\n\t\t\t\n\n<div class=\"text-center\"><div class=\"is-divider divider clearfix\" style=\"margin-top:25px;margin-bottom:25px;max-width:150px;height:8px;background-color:rgb(158, 13, 11);\"><\/div><\/div>\n\n\t<div id=\"text-3554490285\" class=\"text\">\n\t\t\n\n<h2>Plus de 20 ans d&rsquo;exp\u00e9rience\u00a0<\/h2>\n\t\t\n<style>\n#text-3554490285 {\n  font-size: 1.75rem;\n  text-align: center;\n}\n@media (min-width:550px) {\n  #text-3554490285 {\n    font-size: 1.25rem;\n  }\n}\n@media (min-width:850px) {\n  #text-3554490285 {\n    font-size: 1.75rem;\n  }\n}\n<\/style>\n\t<\/div>\n\t\n\t<div id=\"text-459878019\" class=\"text\">\n\t\t\n\n<p class=\"lead\">Travaillant sur divers chantiers de b\u00e2timent, VRD et g\u00e9nie civil, j&rsquo;ai acquis une expertise solide. J&rsquo;ai d\u00e9velopp\u00e9 des techniques pour \u00e9conomiser du temps et de la main-d&rsquo;\u0153uvre. Mon parcours m&rsquo;a conduit au poste de conducteur de travaux dans une soci\u00e9t\u00e9 performante. J&rsquo;aime relever des d\u00e9fis et prendre en charge des projets complexes. Mes domaines d&rsquo;intervention incluent les maisons, les immeubles r\u00e9sidentiels et commerciaux, les \u00e9tablissements de restauration, les hangars agricoles, les \u00e9quipements sportifs, la valorisation de b\u00e2timents, les extensions, les b\u00e2timents industriels et la r\u00e9novation \u00e9nerg\u00e9tique.<\/p>\n\t\t\n<style>\n#text-459878019 {\n  font-size: 1rem;\n  text-align: center;\n}\n@media (min-width:550px) {\n  #text-459878019 {\n    font-size: 1rem;\n  }\n}\n<\/style>\n\t<\/div>\n\t\n\n\t\t<\/div>\n\t\t\t\t\t<\/div>\n\n\t\n\n<\/div>\n\n\t\t<\/div>\n\n\t\t\n<style>\n#section_1269259726 {\n  padding-top: 60px;\n  padding-bottom: 60px;\n}\n@media (min-width:550px) {\n  #section_1269259726 {\n    padding-top: 90px;\n    padding-bottom: 90px;\n  }\n}\n<\/style>\n\t<\/section>\n\t\n\t<section class=\"section dark\" id=\"section_1366863697\">\n\t\t<div class=\"bg section-bg fill bg-fill  bg-loaded\" >\n\n\t\t\t\n\t\t\t\n\t\t\t\n\n\t\t<\/div>\n\n\t\t\n\n\t\t<div class=\"section-content relative\">\n\t\t\t\n\n\t<div id=\"gap-1912322292\" class=\"gap-element clearfix\" style=\"display:block; height:auto;\">\n\t\t\n<style>\n#gap-1912322292 {\n  padding-top: 35px;\n}\n<\/style>\n\t<\/div>\n\t\n\n<div class=\"row align-middle align-center\" style=\"max-width:1300px\" id=\"row-758650607\">\n\n\n\t<div id=\"col-1110329923\" class=\"col medium-9 small-12 large-9\"  >\n\t\t\t\t<div class=\"col-inner\"  >\n\t\t\t\n\t\t\t\n\n\t<div id=\"text-3630719800\" class=\"text\">\n\t\t\n\n<h2>Rencontrons nous pour discuter de votre projet<\/h2>\n\t\t\n<style>\n#text-3630719800 {\n  font-size: 2rem;\n  text-align: center;\n}\n@media (min-width:550px) {\n  #text-3630719800 {\n    font-size: 1.25rem;\n  }\n}\n@media (min-width:850px) {\n  #text-3630719800 {\n    font-size: 2rem;\n  }\n}\n<\/style>\n\t<\/div>\n\t\n\n\t\t<\/div>\n\t\t\t\t\t<\/div>\n\n\t\n\n<\/div>\n\n\t\t<\/div>\n\n\t\t\n<style>\n#section_1366863697 {\n  padding-top: 20px;\n  padding-bottom: 20px;\n  background-color: #9e0d0b;\n}\n<\/style>\n\t<\/section>\n\t\n\t<section class=\"section\" id=\"section_154135614\">\n\t\t<div class=\"bg section-bg fill bg-fill  bg-loaded\" >\n\n\t\t\t\n\t\t\t\n\t\t\t\n\n\t\t<\/div>\n\n\t\t\n\n\t\t<div class=\"section-content relative\">\n\t\t\t\n\n\t<div id=\"gap-219706093\" class=\"gap-element clearfix\" style=\"display:block; height:auto;\">\n\t\t\n<style>\n#gap-219706093 {\n  padding-top: 80px;\n}\n<\/style>\n\t<\/div>\n\t\n\n<div class=\"row row-collapse\" style=\"max-width:900px\" id=\"row-908761152\">\n\n\n\t<div id=\"col-1048095813\" class=\"col medium-4 small-12 large-4\"  >\n\t\t\t\t<div class=\"col-inner\"  >\n\t\t\t\n\t\t\t\n\n\n\t\t<div class=\"icon-box featured-box icon-box-center text-center\"  >\n\t\t\t\t\t<div class=\"icon-box-img\" style=\"width: 40px\">\n\t\t\t\t<div class=\"icon\">\n\t\t\t\t\t<div class=\"icon-inner\" >\n\t\t\t\t\t\t<img loading=\"lazy\" decoding=\"async\" width=\"120\" height=\"120\" src=\"https:\/\/i0.wp.com\/www.mcrc.re\/wp-content\/uploads\/2023\/06\/mail-fill.png?fit=120%2C120&amp;ssl=1\" class=\"attachment-medium size-medium\" alt=\"\" \/>\t\t\t\t\t<\/div>\n\t\t\t\t<\/div>\n\t\t\t<\/div>\n\t\t\t\t<div class=\"icon-box-text last-reset\">\n\t\t\t\t\t\t\t\t\t\n\n\t<div id=\"text-1163387700\" class=\"text\">\n\t\t\n\n<h4>Envoyez nous un mail<\/h4>\n<p>mcrc.runpro@orange.fr<\/p>\n\t\t\n<style>\n#text-1163387700 {\n  line-height: 1;\n}\n<\/style>\n\t<\/div>\n\t\n\n\t\t<\/div>\n\t<\/div>\n\t\n\t\n\t<div id=\"gap-1794476655\" class=\"gap-element clearfix\" style=\"display:block; height:auto;\">\n\t\t\n<style>\n#gap-1794476655 {\n  padding-top: 20px;\n}\n<\/style>\n\t<\/div>\n\t\n\n\n\t\t<\/div>\n\t\t\t\t\t<\/div>\n\n\t\n\n\t<div id=\"col-1083906884\" class=\"col medium-4 small-12 large-4\"  >\n\t\t\t\t<div class=\"col-inner\"  >\n\t\t\t\n\t\t\t\n\n\n\t\t<div class=\"icon-box featured-box icon-box-center text-center\"  >\n\t\t\t\t\t<div class=\"icon-box-img\" style=\"width: 40px\">\n\t\t\t\t<div class=\"icon\">\n\t\t\t\t\t<div class=\"icon-inner\" >\n\t\t\t\t\t\t<img loading=\"lazy\" decoding=\"async\" width=\"120\" height=\"120\" src=\"https:\/\/i0.wp.com\/www.mcrc.re\/wp-content\/uploads\/2023\/06\/map-pin-2-fill.png?fit=120%2C120&amp;ssl=1\" class=\"attachment-medium size-medium\" alt=\"\" \/>\t\t\t\t\t<\/div>\n\t\t\t\t<\/div>\n\t\t\t<\/div>\n\t\t\t\t<div class=\"icon-box-text last-reset\">\n\t\t\t\t\t\t\t\t\t\n\n\t<div id=\"text-670815769\" class=\"text\">\n\t\t\n\n<h4>Rdv au bureau<\/h4>\n<p>3 IMP TAILEE 97412 BRAS-PANON, REUNION<\/p>\n\t\t\n<style>\n#text-670815769 {\n  line-height: 1;\n}\n<\/style>\n\t<\/div>\n\t\n\n\t\t<\/div>\n\t<\/div>\n\t\n\t\n\n\t\t<\/div>\n\t\t\t\t\t<\/div>\n\n\t\n\n\t<div id=\"col-826200570\" class=\"col medium-4 small-12 large-4\"  >\n\t\t\t\t<div class=\"col-inner\"  >\n\t\t\t\n\t\t\t\n\n\n\t\t<div class=\"icon-box featured-box icon-box-center text-center\"  >\n\t\t\t\t\t<div class=\"icon-box-img\" style=\"width: 40px\">\n\t\t\t\t<div class=\"icon\">\n\t\t\t\t\t<div class=\"icon-inner\" >\n\t\t\t\t\t\t<img loading=\"lazy\" decoding=\"async\" width=\"120\" height=\"120\" src=\"https:\/\/i0.wp.com\/www.mcrc.re\/wp-content\/uploads\/2023\/06\/phone-fill.png?fit=120%2C120&amp;ssl=1\" class=\"attachment-medium size-medium\" alt=\"\" \/>\t\t\t\t\t<\/div>\n\t\t\t\t<\/div>\n\t\t\t<\/div>\n\t\t\t\t<div class=\"icon-box-text last-reset\">\n\t\t\t\t\t\t\t\t\t\n\n\t<div id=\"text-2375992887\" class=\"text\">\n\t\t\n\n<h4>Appelez nous<\/h4>\n<p>0692 99 97 96<\/p>\n\t\t\n<style>\n#text-2375992887 {\n  line-height: 1;\n}\n<\/style>\n\t<\/div>\n\t\n\n\t\t<\/div>\n\t<\/div>\n\t\n\t\n\n\t\t<\/div>\n\t\t\t\t\t<\/div>\n\n\t\n\n<\/div>\n\n\t\t<\/div>\n\n\t\t\n<style>\n#section_154135614 {\n  padding-top: 30px;\n  padding-bottom: 30px;\n  background-color: rgb(255,255,255);\n}\n<\/style>\n\t<\/section>\n\t\n\t<section class=\"section\" id=\"section_1497118285\">\n\t\t<div class=\"bg section-bg fill bg-fill  bg-loaded\" >\n\n\t\t\t\n\t\t\t\n\t\t\t\n\n\t\t<\/div>\n\n\t\t\n\n\t\t<div class=\"section-content relative\">\n\t\t\t\n\n<div class=\"row\" style=\"max-width:700px\" id=\"row-1576036947\">\n\n\n\t<div id=\"col-1172639854\" class=\"col small-12 large-12\"  >\n\t\t\t\t<div class=\"col-inner text-center\"  >\n\t\t\t\n\t\t\t\n\n\t<div id=\"gap-1020885896\" class=\"gap-element clearfix\" style=\"display:block; height:auto;\">\n\t\t\n<style>\n#gap-1020885896 {\n  padding-top: 30px;\n}\n<\/style>\n\t<\/div>\n\t\n\n\t<div id=\"text-3512101935\" class=\"text\">\n\t\t\n\n<h2>Suivez nous<\/h2>\n\t\t\n<style>\n#text-3512101935 {\n  font-size: 1.5rem;\n  text-align: center;\n}\n<\/style>\n\t<\/div>\n\t\n<div class=\"social-icons follow-icons full-width text-center\" style=\"font-size:95%\"><a href=\"https:\/\/www.facebook.com\/mcrc.re\" target=\"_blank\" rel=\"noopener noreferrer nofollow\" data-label=\"Facebook\" class=\"icon primary button circle facebook tooltip\" title=\"Nous suivre sur Facebook\" aria-label=\"Nous suivre sur Facebook\" ><i class=\"icon-facebook\" ><\/i><\/a><a href=\"https:\/\/www.linkedin.com\/in\/marius-kichenin-718a7819a\/\" data-label=\"LinkedIn\" target=\"_blank\" rel=\"noopener noreferrer nofollow\" class=\"icon primary button circle linkedin tooltip\" title=\"Nous suivre sur LinkedIn\" aria-label=\"Nous suivre sur LinkedIn\" ><i class=\"icon-linkedin\" ><\/i><\/a><\/div>\n\n\n\t\t<\/div>\n\t\t\t\t\t<\/div>\n\n\t\n\n<\/div>\n\n\t\t<\/div>\n\n\t\t\n<style>\n#section_1497118285 {\n  padding-top: 50px;\n  padding-bottom: 50px;\n  background-color: rgb(255,255,255);\n}\n<\/style>\n\t<\/section>\n\t\n\n","protected":false},"excerpt":{"rendered":"","protected":false},"author":1,"featured_media":0,"parent":0,"menu_order":0,"comment_status":"closed","ping_status":"closed","template":"page-transparent-header.php","meta":{"footnotes":""},"class_list":["post-37","page","type-page","status-publish","hentry"],"jetpack-related-posts":[{"id":3,"url":"https:\/\/www.mcrc.re\/index.php\/politique-de-confidentialite\/","url_meta":{"origin":37,"position":0},"title":"Politique de confidentialit\u00e9","author":"houzephachaucath","date":"16 juin 2023","format":false,"excerpt":"","rel":"","context":"Article similaire","block_context":{"text":"Article similaire","link":""},"img":{"alt_text":"","src":"","width":0,"height":0},"classes":[]}],"jetpack_sharing_enabled":true,"_links":{"self":[{"href":"https:\/\/www.mcrc.re\/index.php\/wp-json\/wp\/v2\/pages\/37","targetHints":{"allow":["GET"]}}],"collection":[{"href":"https:\/\/www.mcrc.re\/index.php\/wp-json\/wp\/v2\/pages"}],"about":[{"href":"https:\/\/www.mcrc.re\/index.php\/wp-json\/wp\/v2\/types\/page"}],"author":[{"embeddable":true,"href":"https:\/\/www.mcrc.re\/index.php\/wp-json\/wp\/v2\/users\/1"}],"replies":[{"embeddable":true,"href":"https:\/\/www.mcrc.re\/index.php\/wp-json\/wp\/v2\/comments?post=37"}],"version-history":[{"count":17,"href":"https:\/\/www.mcrc.re\/index.php\/wp-json\/wp\/v2\/pages\/37\/revisions"}],"predecessor-version":[{"id":95,"href":"https:\/\/www.mcrc.re\/index.php\/wp-json\/wp\/v2\/pages\/37\/revisions\/95"}],"wp:attachment":[{"href":"https:\/\/www.mcrc.re\/index.php\/wp-json\/wp\/v2\/media?parent=37"}],"curies":[{"name":"wp","href":"https:\/\/api.w.org\/{rel}","templated":true}]}}